{"id":29912,"date":"2026-02-24T11:00:17","date_gmt":"2026-02-24T10:00:17","guid":{"rendered":"https:\/\/imprimeideas.es\/?post_type=product&p=29912"},"modified":"2026-02-26T18:19:18","modified_gmt":"2026-02-26T17:19:18","slug":"llavero-moneda-euromarket","status":"publish","type":"product","link":"https:\/\/imprimeideas.es\/en\/product\/llavero-moneda-euromarket\/","title":{"rendered":"Llavero Moneda Euromarket"},"content":{"rendered":"<p>Llavero moneda met\u00e1lico en divertido dise\u00f1o de variados colores con moneda extra\u00edble y cierre de mosquet\u00f3n.<\/p>","protected":false},"excerpt":{"rendered":"<p>Llavero moneda met\u00e1lico en divertido dise\u00f1o de variados colores con moneda extra\u00edble y cierre de mosquet\u00f3n.<\/p>","protected":false},"featured_media":74974,"comment_status":"open","ping_status":"open","template":"","meta":{"inline_featured_image":false},"product_brand":[],"product_cat":[99,106],"product_tag":[],"class_list":{"0":"post-29912","1":"product","2":"type-product","3":"status-publish","4":"has-post-thumbnail","6":"product_cat-bolsas","7":"product_cat-regalos-y-premiums","9":"first","10":"instock","11":"taxable","12":"shipping-taxable","13":"purchasable","14":"product-type-variable","15":"has-default-attributes"},"aioseo_notices":[],"_links":{"self":[{"href":"https:\/\/imprimeideas.es\/en\/wp-json\/wp\/v2\/product\/29912","targetHints":{"allow":["GET"]}}],"collection":[{"href":"https:\/\/imprimeideas.es\/en\/wp-json\/wp\/v2\/product"}],"about":[{"href":"https:\/\/imprimeideas.es\/en\/wp-json\/wp\/v2\/types\/product"}],"replies":[{"embeddable":true,"href":"https:\/\/imprimeideas.es\/en\/wp-json\/wp\/v2\/comments?post=29912"}],"version-history":[{"count":1,"href":"https:\/\/imprimeideas.es\/en\/wp-json\/wp\/v2\/product\/29912\/revisions"}],"predecessor-version":[{"id":59196,"href":"https:\/\/imprimeideas.es\/en\/wp-json\/wp\/v2\/product\/29912\/revisions\/59196"}],"wp:featuredmedia":[{"embeddable":true,"href":"https:\/\/imprimeideas.es\/en\/wp-json\/wp\/v2\/media\/74974"}],"wp:attachment":[{"href":"https:\/\/imprimeideas.es\/en\/wp-json\/wp\/v2\/media?parent=29912"}],"wp:term":[{"taxonomy":"product_brand","embeddable":true,"href":"https:\/\/imprimeideas.es\/en\/wp-json\/wp\/v2\/product_brand?post=29912"},{"taxonomy":"product_cat","embeddable":true,"href":"https:\/\/imprimeideas.es\/en\/wp-json\/wp\/v2\/product_cat?post=29912"},{"taxonomy":"product_tag","embeddable":true,"href":"https:\/\/imprimeideas.es\/en\/wp-json\/wp\/v2\/product_tag?post=29912"}],"curies":[{"name":"wp","href":"https:\/\/api.w.org\/{rel}","templated":true}]}}