{"id":29817,"date":"2026-02-24T11:00:12","date_gmt":"2026-02-24T10:00:12","guid":{"rendered":"https:\/\/imprimeideas.es\/?post_type=product&p=29817"},"modified":"2026-02-26T18:23:13","modified_gmt":"2026-02-26T17:23:13","slug":"carpeta-mokai","status":"publish","type":"product","link":"https:\/\/imprimeideas.es\/en\/product\/carpeta-mokai\/","title":{"rendered":"Carpeta Mokai"},"content":{"rendered":"<p>Carpeta de dise\u00f1o bicolor en vivos colores acabada en suave microfibra y con cierre el\u00e1stico. Interior a juego con bloc extra\u00edble de 20 hojas lisas, bolsillo de solapa, tarjeteros y soporte para bol\u00edgrafo.<\/p>","protected":false},"excerpt":{"rendered":"<p>Bloc 20 Hojas<\/p>","protected":false},"featured_media":31045,"comment_status":"open","ping_status":"open","template":"","meta":{"inline_featured_image":false},"product_brand":[],"product_cat":[96],"product_tag":[],"class_list":{"0":"post-29817","1":"product","2":"type-product","3":"status-publish","4":"has-post-thumbnail","6":"product_cat-oficina-y-negocios","8":"first","9":"instock","10":"taxable","11":"shipping-taxable","12":"purchasable","13":"product-type-variable","14":"has-default-attributes"},"aioseo_notices":[],"_links":{"self":[{"href":"https:\/\/imprimeideas.es\/en\/wp-json\/wp\/v2\/product\/29817","targetHints":{"allow":["GET"]}}],"collection":[{"href":"https:\/\/imprimeideas.es\/en\/wp-json\/wp\/v2\/product"}],"about":[{"href":"https:\/\/imprimeideas.es\/en\/wp-json\/wp\/v2\/types\/product"}],"replies":[{"embeddable":true,"href":"https:\/\/imprimeideas.es\/en\/wp-json\/wp\/v2\/comments?post=29817"}],"version-history":[{"count":1,"href":"https:\/\/imprimeideas.es\/en\/wp-json\/wp\/v2\/product\/29817\/revisions"}],"predecessor-version":[{"id":59179,"href":"https:\/\/imprimeideas.es\/en\/wp-json\/wp\/v2\/product\/29817\/revisions\/59179"}],"wp:featuredmedia":[{"embeddable":true,"href":"https:\/\/imprimeideas.es\/en\/wp-json\/wp\/v2\/media\/31045"}],"wp:attachment":[{"href":"https:\/\/imprimeideas.es\/en\/wp-json\/wp\/v2\/media?parent=29817"}],"wp:term":[{"taxonomy":"product_brand","embeddable":true,"href":"https:\/\/imprimeideas.es\/en\/wp-json\/wp\/v2\/product_brand?post=29817"},{"taxonomy":"product_cat","embeddable":true,"href":"https:\/\/imprimeideas.es\/en\/wp-json\/wp\/v2\/product_cat?post=29817"},{"taxonomy":"product_tag","embeddable":true,"href":"https:\/\/imprimeideas.es\/en\/wp-json\/wp\/v2\/product_tag?post=29817"}],"curies":[{"name":"wp","href":"https:\/\/api.w.org\/{rel}","templated":true}]}}