{"id":29733,"date":"2026-02-24T11:00:06","date_gmt":"2026-02-24T10:00:06","guid":{"rendered":"https:\/\/imprimeideas.es\/?post_type=product&p=29733"},"modified":"2026-02-26T18:13:42","modified_gmt":"2026-02-26T17:13:42","slug":"miniboligrafo-hall","status":"publish","type":"product","link":"https:\/\/imprimeideas.es\/en\/product\/miniboligrafo-hall\/","title":{"rendered":"Minibol\u00edgrafo Hall"},"content":{"rendered":"<p>Mini bol\u00edgrafo de mecanismo giratorio en llamativos colores s\u00f3lidos. Con original clip de gran tama\u00f1o y anilla central en color plateado. Tinta azul.<\/p>","protected":false},"excerpt":{"rendered":"<p>Mini bol\u00edgrafo de mecanismo giratorio en llamativos colores s\u00f3lidos. Con original clip de gran tama\u00f1o y anilla central en color<\/p>","protected":false},"featured_media":85146,"comment_status":"open","ping_status":"open","template":"","meta":{"inline_featured_image":false},"product_brand":[],"product_cat":[100,105],"product_tag":[],"class_list":{"0":"post-29733","1":"product","2":"type-product","3":"status-publish","4":"has-post-thumbnail","6":"product_cat-escritura","7":"product_cat-vino-accesorios-de-bebida-y-hosteleria","9":"first","10":"instock","11":"taxable","12":"shipping-taxable","13":"purchasable","14":"product-type-variable","15":"has-default-attributes"},"aioseo_notices":[],"_links":{"self":[{"href":"https:\/\/imprimeideas.es\/en\/wp-json\/wp\/v2\/product\/29733","targetHints":{"allow":["GET"]}}],"collection":[{"href":"https:\/\/imprimeideas.es\/en\/wp-json\/wp\/v2\/product"}],"about":[{"href":"https:\/\/imprimeideas.es\/en\/wp-json\/wp\/v2\/types\/product"}],"replies":[{"embeddable":true,"href":"https:\/\/imprimeideas.es\/en\/wp-json\/wp\/v2\/comments?post=29733"}],"version-history":[{"count":1,"href":"https:\/\/imprimeideas.es\/en\/wp-json\/wp\/v2\/product\/29733\/revisions"}],"predecessor-version":[{"id":59165,"href":"https:\/\/imprimeideas.es\/en\/wp-json\/wp\/v2\/product\/29733\/revisions\/59165"}],"wp:featuredmedia":[{"embeddable":true,"href":"https:\/\/imprimeideas.es\/en\/wp-json\/wp\/v2\/media\/85146"}],"wp:attachment":[{"href":"https:\/\/imprimeideas.es\/en\/wp-json\/wp\/v2\/media?parent=29733"}],"wp:term":[{"taxonomy":"product_brand","embeddable":true,"href":"https:\/\/imprimeideas.es\/en\/wp-json\/wp\/v2\/product_brand?post=29733"},{"taxonomy":"product_cat","embeddable":true,"href":"https:\/\/imprimeideas.es\/en\/wp-json\/wp\/v2\/product_cat?post=29733"},{"taxonomy":"product_tag","embeddable":true,"href":"https:\/\/imprimeideas.es\/en\/wp-json\/wp\/v2\/product_tag?post=29733"}],"curies":[{"name":"wp","href":"https:\/\/api.w.org\/{rel}","templated":true}]}}