{"id":29709,"date":"2026-02-24T11:00:05","date_gmt":"2026-02-24T10:00:05","guid":{"rendered":"https:\/\/imprimeideas.es\/?post_type=product&p=29709"},"modified":"2026-02-26T18:42:36","modified_gmt":"2026-02-26T17:42:36","slug":"boligrafo-multifour","status":"publish","type":"product","link":"https:\/\/imprimeideas.es\/en\/product\/boligrafo-multifour\/","title":{"rendered":"Bol\u00edgrafo Multifour"},"content":{"rendered":"<p>Bol\u00edgrafo 4 en 1 de mecanismo pulsador retr\u00e1ctil, de cl\u00e1sico dise\u00f1o y cuerpo de suave acabado transl\u00facido en vivos colores. Con accesorios en plateado y suave empu\u00f1adura ergon\u00f3mica en color negro. De 4 cartuchos en tintas azul, roja, negra y verde.<\/p>","protected":false},"excerpt":{"rendered":"<p>Escritura 4 Colores<\/p>","protected":false},"featured_media":73125,"comment_status":"open","ping_status":"open","template":"","meta":{"inline_featured_image":false},"product_brand":[],"product_cat":[100],"product_tag":[],"class_list":{"0":"post-29709","1":"product","2":"type-product","3":"status-publish","4":"has-post-thumbnail","6":"product_cat-escritura","8":"first","9":"outofstock","10":"taxable","11":"shipping-taxable","12":"purchasable","13":"product-type-variable","14":"has-default-attributes"},"aioseo_notices":[],"_links":{"self":[{"href":"https:\/\/imprimeideas.es\/en\/wp-json\/wp\/v2\/product\/29709","targetHints":{"allow":["GET"]}}],"collection":[{"href":"https:\/\/imprimeideas.es\/en\/wp-json\/wp\/v2\/product"}],"about":[{"href":"https:\/\/imprimeideas.es\/en\/wp-json\/wp\/v2\/types\/product"}],"replies":[{"embeddable":true,"href":"https:\/\/imprimeideas.es\/en\/wp-json\/wp\/v2\/comments?post=29709"}],"version-history":[{"count":1,"href":"https:\/\/imprimeideas.es\/en\/wp-json\/wp\/v2\/product\/29709\/revisions"}],"predecessor-version":[{"id":59161,"href":"https:\/\/imprimeideas.es\/en\/wp-json\/wp\/v2\/product\/29709\/revisions\/59161"}],"wp:featuredmedia":[{"embeddable":true,"href":"https:\/\/imprimeideas.es\/en\/wp-json\/wp\/v2\/media\/73125"}],"wp:attachment":[{"href":"https:\/\/imprimeideas.es\/en\/wp-json\/wp\/v2\/media?parent=29709"}],"wp:term":[{"taxonomy":"product_brand","embeddable":true,"href":"https:\/\/imprimeideas.es\/en\/wp-json\/wp\/v2\/product_brand?post=29709"},{"taxonomy":"product_cat","embeddable":true,"href":"https:\/\/imprimeideas.es\/en\/wp-json\/wp\/v2\/product_cat?post=29709"},{"taxonomy":"product_tag","embeddable":true,"href":"https:\/\/imprimeideas.es\/en\/wp-json\/wp\/v2\/product_tag?post=29709"}],"curies":[{"name":"wp","href":"https:\/\/api.w.org\/{rel}","templated":true}]}}