{"id":29704,"date":"2026-02-24T11:00:04","date_gmt":"2026-02-24T10:00:04","guid":{"rendered":"https:\/\/imprimeideas.es\/?post_type=product&p=29704"},"modified":"2026-02-25T19:56:43","modified_gmt":"2026-02-25T18:56:43","slug":"gorro-patriot","status":"publish","type":"product","link":"https:\/\/imprimeideas.es\/en\/product\/gorro-patriot\/","title":{"rendered":"Gorro Patriot"},"content":{"rendered":"<p>Gorro tipo bob de dise\u00f1o bandera nacional en material 100% algod\u00f3n. Disponible en dise\u00f1os Espa\u00f1a, Portugal, Francia e Italia.<\/p>","protected":false},"excerpt":{"rendered":"<p>Gorro tipo bob de dise\u00f1o bandera nacional en material 100% algod\u00f3n. Disponible en dise\u00f1os Espa\u00f1a, Portugal, Francia e Italia.<\/p>","protected":false},"featured_media":82171,"comment_status":"open","ping_status":"open","template":"","meta":{"inline_featured_image":false},"product_brand":[],"product_cat":[128],"product_tag":[],"class_list":{"0":"post-29704","1":"product","2":"type-product","3":"status-publish","4":"has-post-thumbnail","6":"product_cat-outlet","8":"first","9":"outofstock","10":"taxable","11":"shipping-taxable","12":"purchasable","13":"product-type-variable","14":"has-default-attributes"},"aioseo_notices":[],"_links":{"self":[{"href":"https:\/\/imprimeideas.es\/en\/wp-json\/wp\/v2\/product\/29704","targetHints":{"allow":["GET"]}}],"collection":[{"href":"https:\/\/imprimeideas.es\/en\/wp-json\/wp\/v2\/product"}],"about":[{"href":"https:\/\/imprimeideas.es\/en\/wp-json\/wp\/v2\/types\/product"}],"replies":[{"embeddable":true,"href":"https:\/\/imprimeideas.es\/en\/wp-json\/wp\/v2\/comments?post=29704"}],"version-history":[{"count":1,"href":"https:\/\/imprimeideas.es\/en\/wp-json\/wp\/v2\/product\/29704\/revisions"}],"predecessor-version":[{"id":59160,"href":"https:\/\/imprimeideas.es\/en\/wp-json\/wp\/v2\/product\/29704\/revisions\/59160"}],"wp:featuredmedia":[{"embeddable":true,"href":"https:\/\/imprimeideas.es\/en\/wp-json\/wp\/v2\/media\/82171"}],"wp:attachment":[{"href":"https:\/\/imprimeideas.es\/en\/wp-json\/wp\/v2\/media?parent=29704"}],"wp:term":[{"taxonomy":"product_brand","embeddable":true,"href":"https:\/\/imprimeideas.es\/en\/wp-json\/wp\/v2\/product_brand?post=29704"},{"taxonomy":"product_cat","embeddable":true,"href":"https:\/\/imprimeideas.es\/en\/wp-json\/wp\/v2\/product_cat?post=29704"},{"taxonomy":"product_tag","embeddable":true,"href":"https:\/\/imprimeideas.es\/en\/wp-json\/wp\/v2\/product_tag?post=29704"}],"curies":[{"name":"wp","href":"https:\/\/api.w.org\/{rel}","templated":true}]}}