{"id":29694,"date":"2026-02-24T11:00:04","date_gmt":"2026-02-24T10:00:04","guid":{"rendered":"https:\/\/imprimeideas.es\/?post_type=product&p=29694"},"modified":"2026-02-26T18:13:56","modified_gmt":"2026-02-26T17:13:56","slug":"porteria-zubigol","status":"publish","type":"product","link":"https:\/\/imprimeideas.es\/en\/product\/porteria-zubigol\/","title":{"rendered":"Porter\u00eda Zubigol"},"content":{"rendered":"<p>Divertida porter\u00eda plegable de vivos colores en combinaci\u00f3n de resistente nylon y tejido de redecilla. Con c\u00f3moda bolsa de transporte con asas.<\/p>","protected":false},"excerpt":{"rendered":"<p>Plegable. Funda Poli\u00e9ster<\/p>","protected":false},"featured_media":64497,"comment_status":"open","ping_status":"open","template":"","meta":{"inline_featured_image":false},"product_brand":[],"product_cat":[101,108,114],"product_tag":[],"class_list":{"0":"post-29694","1":"product","2":"type-product","3":"status-publish","4":"has-post-thumbnail","6":"product_cat-deporte-y-aventura","7":"product_cat-infantil","8":"product_cat-verano-y-playa","10":"first","11":"instock","12":"taxable","13":"shipping-taxable","14":"purchasable","15":"product-type-variable","16":"has-default-attributes"},"aioseo_notices":[],"_links":{"self":[{"href":"https:\/\/imprimeideas.es\/en\/wp-json\/wp\/v2\/product\/29694","targetHints":{"allow":["GET"]}}],"collection":[{"href":"https:\/\/imprimeideas.es\/en\/wp-json\/wp\/v2\/product"}],"about":[{"href":"https:\/\/imprimeideas.es\/en\/wp-json\/wp\/v2\/types\/product"}],"replies":[{"embeddable":true,"href":"https:\/\/imprimeideas.es\/en\/wp-json\/wp\/v2\/comments?post=29694"}],"version-history":[{"count":1,"href":"https:\/\/imprimeideas.es\/en\/wp-json\/wp\/v2\/product\/29694\/revisions"}],"predecessor-version":[{"id":59158,"href":"https:\/\/imprimeideas.es\/en\/wp-json\/wp\/v2\/product\/29694\/revisions\/59158"}],"wp:featuredmedia":[{"embeddable":true,"href":"https:\/\/imprimeideas.es\/en\/wp-json\/wp\/v2\/media\/64497"}],"wp:attachment":[{"href":"https:\/\/imprimeideas.es\/en\/wp-json\/wp\/v2\/media?parent=29694"}],"wp:term":[{"taxonomy":"product_brand","embeddable":true,"href":"https:\/\/imprimeideas.es\/en\/wp-json\/wp\/v2\/product_brand?post=29694"},{"taxonomy":"product_cat","embeddable":true,"href":"https:\/\/imprimeideas.es\/en\/wp-json\/wp\/v2\/product_cat?post=29694"},{"taxonomy":"product_tag","embeddable":true,"href":"https:\/\/imprimeideas.es\/en\/wp-json\/wp\/v2\/product_tag?post=29694"}],"curies":[{"name":"wp","href":"https:\/\/api.w.org\/{rel}","templated":true}]}}