{"id":29689,"date":"2026-02-24T11:00:04","date_gmt":"2026-02-24T10:00:04","guid":{"rendered":"https:\/\/imprimeideas.es\/?post_type=product&p=29689"},"modified":"2026-02-26T18:42:25","modified_gmt":"2026-02-26T17:42:25","slug":"portadocumentos-verse","status":"publish","type":"product","link":"https:\/\/imprimeideas.es\/en\/product\/portadocumentos-verse\/","title":{"rendered":"Portadocumentos Verse"},"content":{"rendered":"<p>Portadocumentos con solapa de cierre de velcro en poli\u00e9ster 600D con elegante tira frontal en color negro. Con asas de transporte reforzadas y cinta bandolera ajustable. Compartimentos interiores para bol\u00edgrafos y funda para smartphone en PVC con funci\u00f3n t\u00e1ctil.<\/p>","protected":false},"excerpt":{"rendered":"<p>Portadocumentos con solapa de cierre de velcro en poli\u00e9ster 600D con elegante tira frontal en color negro. Con asas de<\/p>","protected":false},"featured_media":72105,"comment_status":"open","ping_status":"open","template":"","meta":{"inline_featured_image":false},"product_brand":[],"product_cat":[96],"product_tag":[],"class_list":{"0":"post-29689","1":"product","2":"type-product","3":"status-publish","4":"has-post-thumbnail","6":"product_cat-oficina-y-negocios","8":"first","9":"instock","10":"taxable","11":"shipping-taxable","12":"purchasable","13":"product-type-variable","14":"has-default-attributes"},"aioseo_notices":[],"_links":{"self":[{"href":"https:\/\/imprimeideas.es\/en\/wp-json\/wp\/v2\/product\/29689","targetHints":{"allow":["GET"]}}],"collection":[{"href":"https:\/\/imprimeideas.es\/en\/wp-json\/wp\/v2\/product"}],"about":[{"href":"https:\/\/imprimeideas.es\/en\/wp-json\/wp\/v2\/types\/product"}],"replies":[{"embeddable":true,"href":"https:\/\/imprimeideas.es\/en\/wp-json\/wp\/v2\/comments?post=29689"}],"version-history":[{"count":1,"href":"https:\/\/imprimeideas.es\/en\/wp-json\/wp\/v2\/product\/29689\/revisions"}],"predecessor-version":[{"id":59157,"href":"https:\/\/imprimeideas.es\/en\/wp-json\/wp\/v2\/product\/29689\/revisions\/59157"}],"wp:featuredmedia":[{"embeddable":true,"href":"https:\/\/imprimeideas.es\/en\/wp-json\/wp\/v2\/media\/72105"}],"wp:attachment":[{"href":"https:\/\/imprimeideas.es\/en\/wp-json\/wp\/v2\/media?parent=29689"}],"wp:term":[{"taxonomy":"product_brand","embeddable":true,"href":"https:\/\/imprimeideas.es\/en\/wp-json\/wp\/v2\/product_brand?post=29689"},{"taxonomy":"product_cat","embeddable":true,"href":"https:\/\/imprimeideas.es\/en\/wp-json\/wp\/v2\/product_cat?post=29689"},{"taxonomy":"product_tag","embeddable":true,"href":"https:\/\/imprimeideas.es\/en\/wp-json\/wp\/v2\/product_tag?post=29689"}],"curies":[{"name":"wp","href":"https:\/\/api.w.org\/{rel}","templated":true}]}}