{"id":29618,"date":"2026-02-24T10:59:59","date_gmt":"2026-02-24T09:59:59","guid":{"rendered":"https:\/\/imprimeideas.es\/?post_type=product&p=29618"},"modified":"2026-02-25T19:52:11","modified_gmt":"2026-02-25T18:52:11","slug":"encendedor-deuston","status":"publish","type":"product","link":"https:\/\/imprimeideas.es\/en\/product\/encendedor-deuston\/","title":{"rendered":"Encendedor Deuston"},"content":{"rendered":"<p>Encendedor de cl\u00e1sico dise\u00f1o americano, de acabado met\u00e1lico en mate. A gasolina y de mecanismo de piedra. Con protecci\u00f3n infantil, recargable y presentado en caja individual.<\/p>","protected":false},"excerpt":{"rendered":"<p>Recargable<\/p>","protected":false},"featured_media":79541,"comment_status":"open","ping_status":"open","template":"","meta":{"inline_featured_image":false},"product_brand":[],"product_cat":[106],"product_tag":[],"class_list":{"0":"post-29618","1":"product","2":"type-product","3":"status-publish","4":"has-post-thumbnail","6":"product_cat-regalos-y-premiums","8":"first","9":"outofstock","10":"taxable","11":"shipping-taxable","12":"purchasable","13":"product-type-variable","14":"has-default-attributes"},"aioseo_notices":[],"_links":{"self":[{"href":"https:\/\/imprimeideas.es\/en\/wp-json\/wp\/v2\/product\/29618","targetHints":{"allow":["GET"]}}],"collection":[{"href":"https:\/\/imprimeideas.es\/en\/wp-json\/wp\/v2\/product"}],"about":[{"href":"https:\/\/imprimeideas.es\/en\/wp-json\/wp\/v2\/types\/product"}],"replies":[{"embeddable":true,"href":"https:\/\/imprimeideas.es\/en\/wp-json\/wp\/v2\/comments?post=29618"}],"version-history":[{"count":1,"href":"https:\/\/imprimeideas.es\/en\/wp-json\/wp\/v2\/product\/29618\/revisions"}],"predecessor-version":[{"id":58721,"href":"https:\/\/imprimeideas.es\/en\/wp-json\/wp\/v2\/product\/29618\/revisions\/58721"}],"wp:featuredmedia":[{"embeddable":true,"href":"https:\/\/imprimeideas.es\/en\/wp-json\/wp\/v2\/media\/79541"}],"wp:attachment":[{"href":"https:\/\/imprimeideas.es\/en\/wp-json\/wp\/v2\/media?parent=29618"}],"wp:term":[{"taxonomy":"product_brand","embeddable":true,"href":"https:\/\/imprimeideas.es\/en\/wp-json\/wp\/v2\/product_brand?post=29618"},{"taxonomy":"product_cat","embeddable":true,"href":"https:\/\/imprimeideas.es\/en\/wp-json\/wp\/v2\/product_cat?post=29618"},{"taxonomy":"product_tag","embeddable":true,"href":"https:\/\/imprimeideas.es\/en\/wp-json\/wp\/v2\/product_tag?post=29618"}],"curies":[{"name":"wp","href":"https:\/\/api.w.org\/{rel}","templated":true}]}}