{"id":29571,"date":"2026-02-24T10:59:56","date_gmt":"2026-02-24T09:59:56","guid":{"rendered":"https:\/\/imprimeideas.es\/?post_type=product&p=29571"},"modified":"2026-02-26T18:37:37","modified_gmt":"2026-02-26T17:37:37","slug":"carpeta-ecosum","status":"publish","type":"product","link":"https:\/\/imprimeideas.es\/en\/product\/carpeta-ecosum\/","title":{"rendered":"Carpeta Ecosum"},"content":{"rendered":"<p>Carpeta ecol\u00f3gica de gran capacidad con cierre el\u00e1stico en cart\u00f3n reciclado flexible y con sistema de plegado tripe.<\/p>","protected":false},"excerpt":{"rendered":"<p>Carpeta ecol\u00f3gica de gran capacidad con cierre el\u00e1stico en cart\u00f3n reciclado flexible y con sistema de plegado tripe.<\/p>","protected":false},"featured_media":80436,"comment_status":"open","ping_status":"open","template":"","meta":{"inline_featured_image":false},"product_brand":[],"product_cat":[122,96],"product_tag":[],"class_list":{"0":"post-29571","1":"product","2":"type-product","3":"status-publish","4":"has-post-thumbnail","6":"product_cat-articulos-sostenibles","7":"product_cat-oficina-y-negocios","9":"first","10":"instock","11":"taxable","12":"shipping-taxable","13":"purchasable","14":"product-type-variable","15":"has-default-attributes"},"aioseo_notices":[],"_links":{"self":[{"href":"https:\/\/imprimeideas.es\/en\/wp-json\/wp\/v2\/product\/29571","targetHints":{"allow":["GET"]}}],"collection":[{"href":"https:\/\/imprimeideas.es\/en\/wp-json\/wp\/v2\/product"}],"about":[{"href":"https:\/\/imprimeideas.es\/en\/wp-json\/wp\/v2\/types\/product"}],"replies":[{"embeddable":true,"href":"https:\/\/imprimeideas.es\/en\/wp-json\/wp\/v2\/comments?post=29571"}],"version-history":[{"count":1,"href":"https:\/\/imprimeideas.es\/en\/wp-json\/wp\/v2\/product\/29571\/revisions"}],"predecessor-version":[{"id":58709,"href":"https:\/\/imprimeideas.es\/en\/wp-json\/wp\/v2\/product\/29571\/revisions\/58709"}],"wp:featuredmedia":[{"embeddable":true,"href":"https:\/\/imprimeideas.es\/en\/wp-json\/wp\/v2\/media\/80436"}],"wp:attachment":[{"href":"https:\/\/imprimeideas.es\/en\/wp-json\/wp\/v2\/media?parent=29571"}],"wp:term":[{"taxonomy":"product_brand","embeddable":true,"href":"https:\/\/imprimeideas.es\/en\/wp-json\/wp\/v2\/product_brand?post=29571"},{"taxonomy":"product_cat","embeddable":true,"href":"https:\/\/imprimeideas.es\/en\/wp-json\/wp\/v2\/product_cat?post=29571"},{"taxonomy":"product_tag","embeddable":true,"href":"https:\/\/imprimeideas.es\/en\/wp-json\/wp\/v2\/product_tag?post=29571"}],"curies":[{"name":"wp","href":"https:\/\/api.w.org\/{rel}","templated":true}]}}