{"id":101588,"date":"2026-05-11T09:03:18","date_gmt":"2026-05-11T07:03:18","guid":{"rendered":"https:\/\/imprimeideas.es\/producto\/vector-xl\/"},"modified":"2026-05-14T17:11:45","modified_gmt":"2026-05-14T15:11:45","slug":"vector-xl","status":"publish","type":"product","link":"https:\/\/imprimeideas.es\/en\/product\/vector-xl\/","title":{"rendered":"Vector XL"},"content":{"rendered":"<p> \tParker roller pen Vector XL, made in polished stainless steel, enhanced with a chrome plated trim and the brand&#8217;s iconic arrowhead clip on the cap. In black ink and presented in an individual black case with Parker logo.<\/p>\n<p> \tEscritura limpia y homog\u00e9nea, sin saltos y con gran fluidez e intensidad. Su pr\u00e1ctica forma cil\u00edndrica y su robusto plum\u00edn de acero inoxidable permiten escribir con gran comodidad y precisi\u00f3n, haciendo del Vector XL un instrumento de escritura tan accesible como vers\u00e1til.<\/p>","protected":false},"excerpt":{"rendered":"<p>If your stock requirements are higher than the availability shown on our website, please contact our sales department to check actual stock levels.<\/p>","protected":false},"featured_media":0,"comment_status":"open","ping_status":"closed","template":"","meta":{"inline_featured_image":false},"product_brand":[],"product_cat":[2382,2381,2612],"product_tag":[],"class_list":{"0":"post-101588","1":"product","2":"type-product","3":"status-publish","5":"product_cat-laser","6":"product_cat-pad-printing","7":"product_cat-rollerball-pens","8":"pa_color-negro","9":"pa_color-plateado","11":"first","12":"instock","13":"taxable","14":"shipping-taxable","15":"purchasable","16":"product-type-variable"},"aioseo_notices":[],"_links":{"self":[{"href":"https:\/\/imprimeideas.es\/en\/wp-json\/wp\/v2\/product\/101588","targetHints":{"allow":["GET"]}}],"collection":[{"href":"https:\/\/imprimeideas.es\/en\/wp-json\/wp\/v2\/product"}],"about":[{"href":"https:\/\/imprimeideas.es\/en\/wp-json\/wp\/v2\/types\/product"}],"replies":[{"embeddable":true,"href":"https:\/\/imprimeideas.es\/en\/wp-json\/wp\/v2\/comments?post=101588"}],"version-history":[{"count":0,"href":"https:\/\/imprimeideas.es\/en\/wp-json\/wp\/v2\/product\/101588\/revisions"}],"wp:attachment":[{"href":"https:\/\/imprimeideas.es\/en\/wp-json\/wp\/v2\/media?parent=101588"}],"wp:term":[{"taxonomy":"product_brand","embeddable":true,"href":"https:\/\/imprimeideas.es\/en\/wp-json\/wp\/v2\/product_brand?post=101588"},{"taxonomy":"product_cat","embeddable":true,"href":"https:\/\/imprimeideas.es\/en\/wp-json\/wp\/v2\/product_cat?post=101588"},{"taxonomy":"product_tag","embeddable":true,"href":"https:\/\/imprimeideas.es\/en\/wp-json\/wp\/v2\/product_tag?post=101588"}],"curies":[{"name":"wp","href":"https:\/\/api.w.org\/{rel}","templated":true}]}}